{"id":306,"date":"2023-12-31T03:57:18","date_gmt":"2023-12-31T02:57:18","guid":{"rendered":"https:\/\/tic-btp.com\/?page_id=306"},"modified":"2024-03-08T14:16:13","modified_gmt":"2024-03-08T13:16:13","slug":"actualites","status":"publish","type":"page","link":"https:\/\/tic-btp.com\/index.php\/actualites\/","title":{"rendered":"Actualit\u00e9s"},"content":{"rendered":"<p>[et_pb_section fb_built=&#8221;1&#8243; fullwidth=&#8221;on&#8221; _builder_version=&#8221;4.23.4&#8243; use_background_color_gradient=&#8221;on&#8221; background_color_gradient_stops=&#8221;rgba(0,19,46,0.6) 0%|rgba(0,19,46,0.6) 100%&#8221; background_color_gradient_overlays_image=&#8221;on&#8221; background_color_gradient_start=&#8221;rgba(0,19,46,0.6)&#8221; background_color_gradient_end=&#8221;rgba(0,19,46,0.6)&#8221; background_image=&#8221;https:\/\/tic-btp.com\/wp-content\/uploads\/2024\/01\/personnes-reunion-affaires-angle-eleve-scaled.jpg&#8221; global_colors_info=&#8221;{}&#8221;][et_pb_fullwidth_header title=&#8221;Actualit\u00e9s&#8221; text_orientation=&#8221;center&#8221; button_one_text=&#8221;Nous contacter&#8221; _builder_version=&#8221;4.24.0&#8243; title_font=&#8221;Darker Grotesque|900|||||||&#8221; title_text_align=&#8221;center&#8221; title_font_size=&#8221;74px&#8221; title_line_height=&#8221;0.75em&#8221; content_text_align=&#8221;left&#8221; background_color=&#8221;rgba(0,0,0,0)&#8221; background_image=&#8221;https:\/\/tic-btp.com\/wp-content\/uploads\/2024\/01\/financial-advisor-40.png&#8221; background_size=&#8221;initial&#8221; background_position=&#8221;top_center&#8221; custom_button_one=&#8221;on&#8221; button_one_text_size=&#8221;16px&#8221; button_one_text_color=&#8221;#FFFFFF&#8221; button_one_bg_color=&#8221;#0d2a64&#8243; button_one_border_color=&#8221;rgba(0,0,0,0)&#8221; button_one_border_radius=&#8221;0px&#8221; button_one_letter_spacing=&#8221;2px&#8221; button_one_font=&#8221;Darker Grotesque|900||on|||||&#8221; button_one_use_icon=&#8221;off&#8221; button_one_custom_padding=&#8221;15px|40px|15px|40px|true|true&#8221; custom_button_two=&#8221;on&#8221; button_two_text_color=&#8221;#283444&#8243; button_two_bg_color=&#8221;#ddccb8&#8243; button_two_border_color=&#8221;rgba(0,0,0,0)&#8221; button_two_border_radius=&#8221;0px&#8221; button_two_letter_spacing=&#8221;2px&#8221; button_two_font=&#8221;Darker Grotesque|900||on|||||&#8221; button_two_use_icon=&#8221;off&#8221; custom_padding=&#8221;0vw||0vw||true|false&#8221; animation_style=&#8221;slide&#8221; animation_duration=&#8221;1800ms&#8221; title_font_size_tablet=&#8221;10vw&#8221; title_font_size_phone=&#8221;10vw&#8221; title_font_size_last_edited=&#8221;on|phone&#8221; title_line_height_tablet=&#8221;&#8221; title_line_height_phone=&#8221;&#8221; title_line_height_last_edited=&#8221;on|desktop&#8221; background_last_edited=&#8221;on|desktop&#8221; background_size_tablet=&#8221;cover&#8221; button_one_text_size_tablet=&#8221;20px&#8221; button_one_text_size_phone=&#8221;16px&#8221; button_one_text_size_last_edited=&#8221;on|phone&#8221; button_two_text_size_tablet=&#8221;20px&#8221; button_two_text_size_phone=&#8221;16px&#8221; button_two_text_size_last_edited=&#8221;on|phone&#8221; custom_css_header_container=&#8221;max-width: 100% !important;||width: 100% !important;&#8221; global_colors_info=&#8221;{}&#8221;][\/et_pb_fullwidth_header][\/et_pb_section][et_pb_section fb_built=&#8221;1&#8243; _builder_version=&#8221;4.24.0&#8243; _module_preset=&#8221;default&#8221; custom_padding=&#8221;||0px|||&#8221; global_colors_info=&#8221;{}&#8221;][et_pb_row _builder_version=&#8221;4.24.0&#8243; _module_preset=&#8221;default&#8221; custom_margin=&#8221;-35px|auto||auto||&#8221; custom_padding=&#8221;20px|||||&#8221; global_colors_info=&#8221;{}&#8221;][et_pb_column type=&#8221;4_4&#8243; _builder_version=&#8221;4.24.0&#8243; _module_preset=&#8221;default&#8221; global_colors_info=&#8221;{}&#8221;][dsm_text_notation notation_text=&#8221;Bienvenue dans notre espace Actualit\u00e9s et Projets, o\u00f9 vous pouvez rester inform\u00e9 sur les derni\u00e8res nouvelles de TIC-BTP, les d\u00e9veloppements de l&#8217;industrie et nos projets passionnants.&#8221; _builder_version=&#8221;4.24.2&#8243; _module_preset=&#8221;default&#8221; header_font_size=&#8221;28px&#8221; header_line_height=&#8221;1.2em&#8221; text_orientation=&#8221;justified&#8221; global_colors_info=&#8221;{}&#8221;][\/dsm_text_notation][\/et_pb_column][\/et_pb_row][et_pb_row _builder_version=&#8221;4.24.0&#8243; _module_preset=&#8221;default&#8221; custom_margin=&#8221;-30px|auto||auto||&#8221; global_colors_info=&#8221;{}&#8221;][et_pb_column type=&#8221;4_4&#8243; _builder_version=&#8221;4.24.0&#8243; _module_preset=&#8221;default&#8221; global_colors_info=&#8221;{}&#8221;][et_pb_icon font_icon=&#8221;&#x47;||divi||400&#8243; icon_color=&#8221;#E02B20&#8243; icon_width=&#8221;37px&#8221; _builder_version=&#8221;4.24.0&#8243; _module_preset=&#8221;default&#8221; global_colors_info=&#8221;{}&#8221;][\/et_pb_icon][\/et_pb_column][\/et_pb_row][et_pb_row column_structure=&#8221;1_2,1_2&#8243; _builder_version=&#8221;4.24.2&#8243; _module_preset=&#8221;default&#8221; custom_padding=&#8221;||79px|||&#8221; global_colors_info=&#8221;{}&#8221;][et_pb_column type=&#8221;1_2&#8243; _builder_version=&#8221;4.24.2&#8243; _module_preset=&#8221;default&#8221; global_colors_info=&#8221;{}&#8221;][et_pb_blurb title=&#8221;Derni\u00e8res nouvelles de l&#8217;entreprise et de l&#8217;industrie&#8221; image=&#8221;https:\/\/tic-btp.com\/wp-content\/uploads\/2024\/03\/man-woman-suits-giving-thumbs-up-sign-1-scaled.jpg&#8221; image_icon_width=&#8221;101%&#8221; content_max_width=&#8221;460px&#8221; _builder_version=&#8221;4.24.2&#8243; _module_preset=&#8221;default&#8221; header_font_size=&#8221;27px&#8221; header_line_height=&#8221;1.4em&#8221; body_text_align=&#8221;justify&#8221; global_colors_info=&#8221;{}&#8221;]<\/p>\n<p><span>&#8220;Plongez au c\u0153ur des r\u00e9centes \u00e9volutions de notre entreprise et de l&#8217;industrie ! D\u00e9couvrez les derni\u00e8res avanc\u00e9es, les innovations et les tendances qui fa\u00e7onnent notre secteur. Restez inform\u00e9s et connect\u00e9s \u00e0 l&#8217;avenir avec notre tour d&#8217;horizon des nouvelles br\u00fblantes.&#8221;<\/span><\/p>\n<p>[\/et_pb_blurb][et_pb_button button_url=&#8221;https:\/\/tic-btp.com\/index.php\/nouvelles-entreprise\/&#8221; button_text=&#8221;VOIR PLUS&#8221; button_alignment=&#8221;center&#8221; _builder_version=&#8221;4.24.2&#8243; _module_preset=&#8221;default&#8221; custom_button=&#8221;on&#8221; button_text_size=&#8221;14px&#8221; button_text_color=&#8221;#FFFFFF&#8221; button_bg_color=&#8221;rgba(0,0,0,0.72)&#8221; button_border_color=&#8221;#E02B20&#8243; button_border_radius=&#8221;10px&#8221; button_font=&#8221;|600|||||||&#8221; button_icon=&#8221;&#x45;||divi||400&#8243; custom_margin=&#8221;-15px|||||&#8221; hover_enabled=&#8221;0&#8243; global_colors_info=&#8221;{}&#8221; sticky_enabled=&#8221;0&#8243;][\/et_pb_button][\/et_pb_column][et_pb_column type=&#8221;1_2&#8243; _builder_version=&#8221;4.24.2&#8243; _module_preset=&#8221;default&#8221; global_colors_info=&#8221;{}&#8221;][et_pb_blurb title=&#8221;Mise \u00e0 jour sur les projets en cours et r\u00e9ussis&#8221; image=&#8221;https:\/\/tic-btp.com\/wp-content\/uploads\/2024\/03\/construction-workers-yellow-vests-vests-raise-their-hands-air-scaled.jpg&#8221; _builder_version=&#8221;4.24.2&#8243; _module_preset=&#8221;default&#8221; header_font_size=&#8221;27px&#8221; header_line_height=&#8221;1.4em&#8221; body_text_align=&#8221;justify&#8221; global_colors_info=&#8221;{}&#8221;]<\/p>\n<p><span>&#8220;D\u00e9couvrez nos derniers projets en cours et nos succ\u00e8s r\u00e9cents ! Plongez dans l&#8217;excitation de nos r\u00e9alisations et explorez les d\u00e9fis passionnants que nous relevons actuellement. Nous vous invitons \u00e0 vous inspirer de notre parcours et \u00e0 vous joindre \u00e0 nous dans notre qu\u00eate d&#8217;excellence.&#8221;<\/span><\/p>\n<p>[\/et_pb_blurb][et_pb_button button_url=&#8221;https:\/\/tic-btp.com\/index.php\/projet-en-cours-et-reussis\/?et_fb=1&#038;PageSpeed=off&#8221; button_text=&#8221;VOIR PLUS&#8221; button_alignment=&#8221;center&#8221; _builder_version=&#8221;4.24.2&#8243; _module_preset=&#8221;default&#8221; custom_button=&#8221;on&#8221; button_text_size=&#8221;14px&#8221; button_text_color=&#8221;#FFFFFF&#8221; button_bg_color=&#8221;rgba(0,0,0,0.72)&#8221; button_border_color=&#8221;#E02B20&#8243; button_border_radius=&#8221;10px&#8221; button_font=&#8221;|600|||||||&#8221; button_icon=&#8221;&#x45;||divi||400&#8243; custom_margin=&#8221;-15px|||||&#8221; global_colors_info=&#8221;{}&#8221;][\/et_pb_button][\/et_pb_column][\/et_pb_row][\/et_pb_section][et_pb_section fb_built=&#8221;1&#8243; _builder_version=&#8221;4.23.4&#8243; _module_preset=&#8221;default&#8221; background_color=&#8221;#0d2a64&#8243; custom_padding=&#8221;16px||6px|||&#8221; box_shadow_style=&#8221;preset1&#8243; box_shadow_horizontal=&#8221;2px&#8221; global_colors_info=&#8221;{}&#8221;][et_pb_row column_structure=&#8221;1_2,1_2&#8243; _builder_version=&#8221;4.23.4&#8243; _module_preset=&#8221;default&#8221; custom_padding=&#8221;14px||16px|||&#8221; animation_style=&#8221;fade&#8221; animation_duration=&#8221;1600ms&#8221; global_colors_info=&#8221;{}&#8221;][et_pb_column type=&#8221;1_2&#8243; _builder_version=&#8221;4.23.4&#8243; _module_preset=&#8221;default&#8221; global_colors_info=&#8221;{}&#8221;][dsm_text_notation notation_text=&#8221;Si\u00e8ge social:&#8221; notation_type=&#8221;box&#8221; notation_background_color=&#8221;#0d2a64&#8243; _builder_version=&#8221;4.23.4&#8243; _module_preset=&#8221;default&#8221; header_text_color=&#8221;#f13939&#8243; notation_text_color=&#8221;#FFFFFF&#8221; text_orientation=&#8221;left&#8221; custom_margin=&#8221;||19px|||&#8221; global_colors_info=&#8221;{}&#8221;][\/dsm_text_notation][et_pb_icon font_icon=&#8221;&#xf87b;||fa||900&#8243; icon_color=&#8221;#f13939&#8243; icon_width=&#8221;24px&#8221; align=&#8221;left&#8221; _builder_version=&#8221;4.23.4&#8243; _module_preset=&#8221;default&#8221; custom_margin=&#8221;5px|||||&#8221; global_colors_info=&#8221;{}&#8221;][\/et_pb_icon][et_pb_text _builder_version=&#8221;4.23.4&#8243; _module_preset=&#8221;default&#8221; text_font=&#8221;|700|on||||||&#8221; text_text_color=&#8221;#FFFFFF&#8221; text_font_size=&#8221;16px&#8221; custom_margin=&#8221;-54px|||29px||&#8221; custom_padding=&#8221;||0px|||&#8221; global_colors_info=&#8221;{}&#8221;]<\/p>\n<p>+224 610 54 54 89<\/p>\n<p>[\/et_pb_text][et_pb_icon font_icon=&#8221;&#xf0e0;||fa||900&#8243; icon_color=&#8221;#f13939&#8243; icon_width=&#8221;24px&#8221; align=&#8221;left&#8221; _builder_version=&#8221;4.24.2&#8243; _module_preset=&#8221;default&#8221; custom_margin=&#8221;5px|||||&#8221; global_colors_info=&#8221;{}&#8221;][\/et_pb_icon][et_pb_text _builder_version=&#8221;4.24.2&#8243; _module_preset=&#8221;default&#8221; text_font=&#8221;|700|on||||||&#8221; text_text_color=&#8221;#FFFFFF&#8221; custom_margin=&#8221;-57px|||||&#8221; custom_padding=&#8221;|||36px||&#8221; global_colors_info=&#8221;{}&#8221;]<\/p>\n<p>info@tic-btp.com<\/p>\n<p>[\/et_pb_text][et_pb_icon font_icon=&#8221;&#xf3c5;||fa||900&#8243; icon_color=&#8221;#f13939&#8243; icon_width=&#8221;24px&#8221; align=&#8221;left&#8221; _builder_version=&#8221;4.23.4&#8243; _module_preset=&#8221;default&#8221; custom_margin=&#8221;5px|||||&#8221; global_colors_info=&#8221;{}&#8221;][\/et_pb_icon][et_pb_text _builder_version=&#8221;4.23.4&#8243; _module_preset=&#8221;default&#8221; text_font=&#8221;|600|on||||||&#8221; text_text_color=&#8221;#FFFFFF&#8221; custom_margin=&#8221;-52px|||22px||&#8221; custom_padding=&#8221;||0px|||&#8221; global_colors_info=&#8221;{}&#8221;]<\/p>\n<p>Yattayah Centre\/Commune de Ratoma<br \/>Conakry \u2013 R\u00e9publique de Guin\u00e9e<\/p>\n<p>[\/et_pb_text][et_pb_social_media_follow _builder_version=&#8221;4.23.4&#8243; _module_preset=&#8221;default&#8221; global_colors_info=&#8221;{}&#8221;][et_pb_social_media_follow_network social_network=&#8221;facebook&#8221; _builder_version=&#8221;4.23.4&#8243; _module_preset=&#8221;default&#8221; background_color=&#8221;#3b5998&#8243; global_colors_info=&#8221;{}&#8221; follow_button=&#8221;off&#8221; url_new_window=&#8221;on&#8221;]facebook[\/et_pb_social_media_follow_network][et_pb_social_media_follow_network social_network=&#8221;twitter&#8221; _builder_version=&#8221;4.23.4&#8243; _module_preset=&#8221;default&#8221; background_color=&#8221;#000000&#8243; global_colors_info=&#8221;{}&#8221; follow_button=&#8221;off&#8221; url_new_window=&#8221;on&#8221;]X[\/et_pb_social_media_follow_network][et_pb_social_media_follow_network social_network=&#8221;linkedin&#8221; _builder_version=&#8221;4.23.4&#8243; _module_preset=&#8221;default&#8221; background_color=&#8221;#007bb6&#8243; global_colors_info=&#8221;{}&#8221; follow_button=&#8221;off&#8221; url_new_window=&#8221;on&#8221;]linkedin[\/et_pb_social_media_follow_network][\/et_pb_social_media_follow][\/et_pb_column][et_pb_column type=&#8221;1_2&#8243; _builder_version=&#8221;4.23.4&#8243; _module_preset=&#8221;default&#8221; global_colors_info=&#8221;{}&#8221;][dsm_text_notation notation_text=&#8221;Nos Services:&#8221; notation_background_color=&#8221;#0d2a64&#8243; _builder_version=&#8221;4.23.4&#8243; _module_preset=&#8221;default&#8221; header_text_color=&#8221;#f13939&#8243; notation_text_color=&#8221;#FFFFFF&#8221; text_orientation=&#8221;left&#8221; custom_margin=&#8221;||19px|||&#8221; global_colors_info=&#8221;{}&#8221;][\/dsm_text_notation][et_pb_icon font_icon=&#8221;&#x3d;||divi||400&#8243; icon_color=&#8221;#FFFFFF&#8221; icon_width=&#8221;18px&#8221; align=&#8221;left&#8221; _builder_version=&#8221;4.23.4&#8243; _module_preset=&#8221;default&#8221; custom_padding=&#8221;|||0px||&#8221; global_colors_info=&#8221;{}&#8221;][\/et_pb_icon][et_pb_text _builder_version=&#8221;4.23.4&#8243; _module_preset=&#8221;default&#8221; text_font=&#8221;|700|on||||||&#8221; text_text_color=&#8221;#FFFFFF&#8221; text_font_size=&#8221;16px&#8221; text_line_height=&#8221;1em&#8221; custom_margin=&#8221;-51px|||30px||&#8221; global_colors_info=&#8221;{}&#8221;]<\/p>\n<p>Laboratoires d&#8217;Essai,<\/p>\n<p>d&#8217;Analyse et de Recherche<\/p>\n<p>[\/et_pb_text][et_pb_icon font_icon=&#8221;&#x3d;||divi||400&#8243; icon_color=&#8221;#FFFFFF&#8221; icon_width=&#8221;17px&#8221; align=&#8221;left&#8221; _builder_version=&#8221;4.23.4&#8243; _module_preset=&#8221;default&#8221; global_colors_info=&#8221;{}&#8221;][\/et_pb_icon][et_pb_text _builder_version=&#8221;4.23.4&#8243; _module_preset=&#8221;default&#8221; text_font=&#8221;|700|on||||||&#8221; text_text_color=&#8221;#FFFFFF&#8221; text_line_height=&#8221;1.1em&#8221; custom_margin=&#8221;-48px|||27px||&#8221; custom_padding=&#8221;0px|||||&#8221; global_colors_info=&#8221;{}&#8221;]<\/p>\n<p>Service de Vente, Installation,<\/p>\n<p>Formation et Calibration<\/p>\n<p>des \u00c9quipements du Laboratoire<\/p>\n<p>[\/et_pb_text][et_pb_icon font_icon=&#8221;&#x3d;||divi||400&#8243; icon_color=&#8221;#FFFFFF&#8221; icon_width=&#8221;17px&#8221; align=&#8221;left&#8221; _builder_version=&#8221;4.23.4&#8243; _module_preset=&#8221;default&#8221; global_colors_info=&#8221;{}&#8221;][\/et_pb_icon][et_pb_text _builder_version=&#8221;4.23.4&#8243; _module_preset=&#8221;default&#8221; text_font=&#8221;|700|on||||||&#8221; text_text_color=&#8221;#FFFFFF&#8221; text_line_height=&#8221;1em&#8221; custom_margin=&#8221;-47px|||24px||&#8221; custom_padding=&#8221;0px|||5px||&#8221; global_colors_info=&#8221;{}&#8221;]<\/p>\n<p>Service de Construction<\/p>\n<p>et Maintenance<\/p>\n<p>[\/et_pb_text][et_pb_icon font_icon=&#8221;&#x3d;||divi||400&#8243; icon_color=&#8221;#FFFFFF&#8221; icon_width=&#8221;17px&#8221; align=&#8221;left&#8221; _builder_version=&#8221;4.23.4&#8243; _module_preset=&#8221;default&#8221; global_colors_info=&#8221;{}&#8221;][\/et_pb_icon][et_pb_text _builder_version=&#8221;4.23.4&#8243; _module_preset=&#8221;default&#8221; text_font=&#8221;|700|on||||||&#8221; text_text_color=&#8221;#FFFFFF&#8221; custom_margin=&#8221;-53px|||28px||&#8221; global_colors_info=&#8221;{}&#8221;]<\/p>\n<p>FORMATIONS<\/p>\n<p>[\/et_pb_text][\/et_pb_column][\/et_pb_row][\/et_pb_section]<\/p>\n","protected":false},"excerpt":{"rendered":"<p><div class=\"et_pb_module dsm_text_notation dsm_text_notation_0  et_pb_text_align_justified et_pb_bg_layout_light\">\n\t\t\t\t\n\t\t\t\t\n\t\t\t\t\n\t\t\t\t\n\t\t\t\t\n\t\t\t\t\n\t\t\t\t<div class=\"et_pb_module_inner\">\n\t\t\t\t\t<h1 class=\"dsm-text-notation-main et_pb_module_header\"><span data-notation=\"[{&quot;type&quot;:&quot;underline&quot;,&quot;color&quot;:&quot;#0d2a64&quot;,&quot;stroke-width&quot;:&quot;1&quot;,&quot;iterations&quot;:&quot;2&quot;,&quot;brackets&quot;:&quot;left|right&quot;,&quot;viewport&quot;:&quot;80%&quot;,&quot;delay&quot;:&quot;0ms&quot;,&quot;divi-animate&quot;:&quot;none&quot;,&quot;divi-animate-duration&quot;:&quot;1000ms&quot;,&quot;divi-animate-delay&quot;:&quot;0ms&quot;}]\" class=\"dsm-text-notation-middle\">Bienvenue dans notre espace Actualit\u00e9s et Projets, o\u00f9 vous pouvez rester inform\u00e9 sur les derni\u00e8res nouvelles de TIC-BTP, les d\u00e9veloppements de l'industrie et nos projets passionnants.<\/span><\/h1>\n\t\t\t\t<\/div>\n\t\t\t<\/div>&#8220;Plongez au c\u0153ur des r\u00e9centes \u00e9volutions de notre entreprise et de l&#8217;industrie ! D\u00e9couvrez les derni\u00e8res avanc\u00e9es, les innovations et les tendances qui [&hellip;]<\/p>\n","protected":false},"author":1,"featured_media":0,"parent":0,"menu_order":0,"comment_status":"closed","ping_status":"closed","template":"","meta":{"_et_pb_use_builder":"on","_et_pb_old_content":"<!-- wp:divi\/placeholder \/-->","_et_gb_content_width":"","footnotes":"","_joinchat":[]},"_links":{"self":[{"href":"https:\/\/tic-btp.com\/index.php\/wp-json\/wp\/v2\/pages\/306"}],"collection":[{"href":"https:\/\/tic-btp.com\/index.php\/wp-json\/wp\/v2\/pages"}],"about":[{"href":"https:\/\/tic-btp.com\/index.php\/wp-json\/wp\/v2\/types\/page"}],"author":[{"embeddable":true,"href":"https:\/\/tic-btp.com\/index.php\/wp-json\/wp\/v2\/users\/1"}],"replies":[{"embeddable":true,"href":"https:\/\/tic-btp.com\/index.php\/wp-json\/wp\/v2\/comments?post=306"}],"version-history":[{"count":26,"href":"https:\/\/tic-btp.com\/index.php\/wp-json\/wp\/v2\/pages\/306\/revisions"}],"predecessor-version":[{"id":907,"href":"https:\/\/tic-btp.com\/index.php\/wp-json\/wp\/v2\/pages\/306\/revisions\/907"}],"wp:attachment":[{"href":"https:\/\/tic-btp.com\/index.php\/wp-json\/wp\/v2\/media?parent=306"}],"curies":[{"name":"wp","href":"https:\/\/api.w.org\/{rel}","templated":true}]}}