{"id":48,"date":"2023-12-26T12:53:05","date_gmt":"2023-12-26T11:53:05","guid":{"rendered":"https:\/\/tic-btp.com\/?page_id=48"},"modified":"2024-03-08T14:18:45","modified_gmt":"2024-03-08T13:18:45","slug":"service-equipements","status":"publish","type":"page","link":"https:\/\/tic-btp.com\/index.php\/service-equipements\/","title":{"rendered":"Equipements"},"content":{"rendered":"<p>[et_pb_section fb_built=&#8221;1&#8243; admin_label=&#8221;Header&#8221; _builder_version=&#8221;4.23.4&#8243; _module_preset=&#8221;default&#8221; use_background_color_gradient=&#8221;on&#8221; background_color_gradient_stops=&#8221;rgba(0,0,0,0.78) 0%|rgba(0,0,0,0.51) 100%&#8221; background_color_gradient_overlays_image=&#8221;on&#8221; background_image=&#8221;https:\/\/tic-btp.com\/wp-content\/uploads\/2023\/12\/outils-table-1-scaled.jpg&#8221; custom_padding=&#8221;6vw||42px||false|false&#8221; collapsed=&#8221;on&#8221; global_colors_info=&#8221;{}&#8221;][et_pb_row _builder_version=&#8221;4.23.4&#8243; _module_preset=&#8221;default&#8221; animation_style=&#8221;slide&#8221; animation_duration=&#8221;1750ms&#8221; global_colors_info=&#8221;{}&#8221;][et_pb_column type=&#8221;4_4&#8243; _builder_version=&#8221;4.20.0&#8243; _module_preset=&#8221;default&#8221; global_colors_info=&#8221;{}&#8221;][et_pb_text _builder_version=&#8221;4.23.4&#8243; _module_preset=&#8221;432902cc-d06f-4fb6-a14b-478549a0be50&#8243; header_text_align=&#8221;justify&#8221; header_text_color=&#8221;#FFFFFF&#8221; header_font_size=&#8221;40px&#8221; background_layout=&#8221;dark&#8221; global_colors_info=&#8221;{}&#8221;]<\/p>\n<h1>Service de Vente, Installation, Formation et Calibration des \u00c9quipements du<br \/>Laboratoire<\/h1>\n<p>[\/et_pb_text][et_pb_button button_text=&#8221;Nous contacter&#8221; _builder_version=&#8221;4.23.4&#8243; _module_preset=&#8221;2bd307cc-db94-4abf-850f-3a403be8bad0&#8243; button_text_size=&#8221;9px&#8221; button_text_color=&#8221;#FFFFFF&#8221; button_bg_color=&#8221;#ff0000&#8243; global_colors_info=&#8221;{}&#8221;][\/et_pb_button][\/et_pb_column][\/et_pb_row][\/et_pb_section][et_pb_section fb_built=&#8221;1&#8243; _builder_version=&#8221;4.24.2&#8243; _module_preset=&#8221;default&#8221; custom_padding=&#8221;81px||3px|||&#8221; global_colors_info=&#8221;{}&#8221;][et_pb_row _builder_version=&#8221;4.24.2&#8243; _module_preset=&#8221;default&#8221; custom_padding=&#8221;||11px|||&#8221; global_colors_info=&#8221;{}&#8221;][et_pb_column type=&#8221;4_4&#8243; _builder_version=&#8221;4.24.2&#8243; _module_preset=&#8221;default&#8221; global_colors_info=&#8221;{}&#8221;][et_pb_text _builder_version=&#8221;4.24.2&#8243; _module_preset=&#8221;default&#8221; text_font=&#8221;|600|||||||&#8221; text_text_color=&#8221;#E02B20&#8243; text_font_size=&#8221;18px&#8221; text_line_height=&#8221;1.8em&#8221; text_orientation=&#8221;center&#8221; custom_margin=&#8221;-59px|||||&#8221; hover_enabled=&#8221;0&#8243; global_colors_info=&#8221;{}&#8221; sticky_enabled=&#8221;0&#8243;]<\/p>\n<p style=\"text-align: justify;\">En partenariat avec S.I.L.L Engineering and Consult Limited une soci\u00e9t\u00e9 d&#8217;origine nig\u00e9riane qui offre des services d&#8217;expertise technique en Afrique gr\u00e2ce au soutien de la soci\u00e9t\u00e9 Matest, fabricant d&#8217;\u00e9quipements d&#8217;essai des mat\u00e9riaux, qui dispose d&#8217;une pr\u00e9sence internationale au Royaume-Uni et en Italie nous assurons :<\/p>\n<p>[\/et_pb_text][\/et_pb_column][\/et_pb_row][et_pb_row _builder_version=&#8221;4.24.2&#8243; _module_preset=&#8221;default&#8221; custom_margin=&#8221;-6px|auto||auto||&#8221; custom_padding=&#8221;1px||0px|||&#8221; global_colors_info=&#8221;{}&#8221;][et_pb_column type=&#8221;4_4&#8243; _builder_version=&#8221;4.24.2&#8243; _module_preset=&#8221;default&#8221; global_colors_info=&#8221;{}&#8221;][et_pb_icon font_icon=&#8221;&#x43;||divi||400&#8243; icon_width=&#8221;64px&#8221; _builder_version=&#8221;4.24.2&#8243; _module_preset=&#8221;default&#8221; global_colors_info=&#8221;{}&#8221;][\/et_pb_icon][\/et_pb_column][\/et_pb_row][\/et_pb_section][et_pb_section fb_built=&#8221;1&#8243; admin_label=&#8221;Features&#8221; _builder_version=&#8221;4.20.0&#8243; _module_preset=&#8221;default&#8221; custom_margin=&#8221;-9px|||||&#8221; custom_padding=&#8221;25px|||||&#8221; collapsed=&#8221;on&#8221; global_colors_info=&#8221;{}&#8221;][et_pb_row column_structure=&#8221;1_2,1_2&#8243; _builder_version=&#8221;4.23.4&#8243; _module_preset=&#8221;default&#8221; custom_margin=&#8221;-21px|auto||auto||&#8221; animation_style=&#8221;slide&#8221; animation_direction=&#8221;right&#8221; animation_duration=&#8221;1800ms&#8221; global_colors_info=&#8221;{}&#8221;][et_pb_column type=&#8221;1_2&#8243; _builder_version=&#8221;4.20.0&#8243; _module_preset=&#8221;default&#8221; global_colors_info=&#8221;{}&#8221;][et_pb_blurb title=&#8221;Ventes d&#8217;\u00c9quipements de Laboratoire&#8221; use_icon=&#8221;on&#8221; font_icon=&#8221;&#xe035;||divi||400&#8243; icon_color=&#8221;#FFFFFF&#8221; _builder_version=&#8221;4.24.2&#8243; _module_preset=&#8221;f8bd2e95-9db1-44d3-9fc0-734ffff6d8d5&#8243; header_text_align=&#8221;justify&#8221; body_font_size=&#8221;17px&#8221; global_colors_info=&#8221;{}&#8221;]<\/p>\n<ul>\n<li>Propose des \u00e9quipements de haute qualit\u00e9.<\/li>\n<\/ul>\n<p>[\/et_pb_blurb][et_pb_button button_url=&#8221;https:\/\/tic-btp.com\/index.php\/equipements-laboratoire\/?et_fb=1&#038;PageSpeed=off&#8221; button_text=&#8221;VOIR PLUS&#8221; button_alignment=&#8221;center&#8221; _builder_version=&#8221;4.24.2&#8243; _module_preset=&#8221;default&#8221; custom_button=&#8221;on&#8221; button_text_size=&#8221;14px&#8221; button_font=&#8221;|700|||||||&#8221; custom_margin=&#8221;-24px|||||&#8221; global_colors_info=&#8221;{}&#8221;][\/et_pb_button][\/et_pb_column][et_pb_column type=&#8221;1_2&#8243; _builder_version=&#8221;4.20.0&#8243; _module_preset=&#8221;default&#8221; global_colors_info=&#8221;{}&#8221;][et_pb_blurb title=&#8221;Installation des \u00c9quipements de Laboratoire&#8221; use_icon=&#8221;on&#8221; font_icon=&#8221;&#xe02f;||divi||400&#8243; icon_color=&#8221;#FFFFFF&#8221; _builder_version=&#8221;4.24.2&#8243; _module_preset=&#8221;f8bd2e95-9db1-44d3-9fc0-734ffff6d8d5&#8243; header_text_align=&#8221;justify&#8221; body_text_align=&#8221;justify&#8221; body_font_size=&#8221;17px&#8221; locked=&#8221;off&#8221; global_colors_info=&#8221;{}&#8221;]<\/p>\n<ul>\n<li>Assure une mise en service efficace.<\/li>\n<\/ul>\n<p>[\/et_pb_blurb][et_pb_button button_url=&#8221;https:\/\/tic-btp.com\/index.php\/installation-equipements-laboratoire\/?et_fb=1&#038;PageSpeed=off&#8221; button_text=&#8221;VOIR PLUS&#8221; button_alignment=&#8221;center&#8221; _builder_version=&#8221;4.24.2&#8243; _module_preset=&#8221;default&#8221; custom_button=&#8221;on&#8221; button_text_size=&#8221;14px&#8221; button_font=&#8221;|700|||||||&#8221; custom_margin=&#8221;-24px|||||&#8221; global_colors_info=&#8221;{}&#8221;][\/et_pb_button][\/et_pb_column][\/et_pb_row][et_pb_row column_structure=&#8221;1_2,1_2&#8243; _builder_version=&#8221;4.23.4&#8243; _module_preset=&#8221;default&#8221; custom_padding=&#8221;||36px|||&#8221; animation_style=&#8221;slide&#8221; animation_duration=&#8221;1850ms&#8221; global_colors_info=&#8221;{}&#8221;][et_pb_column type=&#8221;1_2&#8243; _builder_version=&#8221;4.20.0&#8243; _module_preset=&#8221;default&#8221; global_colors_info=&#8221;{}&#8221;][et_pb_blurb title=&#8221;Calibration des \u00c9quipements du Laboratoire&#8221; use_icon=&#8221;on&#8221; font_icon=&#8221;&#x54;||divi||400&#8243; icon_color=&#8221;#FFFFFF&#8221; image_icon_background_color=&#8221;#E02B20&#8243; _builder_version=&#8221;4.24.2&#8243; _module_preset=&#8221;f8bd2e95-9db1-44d3-9fc0-734ffff6d8d5&#8243; header_text_align=&#8221;justify&#8221; body_text_align=&#8221;justify&#8221; body_font_size=&#8221;17px&#8221; global_colors_info=&#8221;{}&#8221;]<\/p>\n<ul>\n<li>Garantit la pr\u00e9cision des mesures.<\/li>\n<\/ul>\n<p>[\/et_pb_blurb][et_pb_button button_url=&#8221;https:\/\/tic-btp.com\/index.php\/callibration-des-equipements-de-laboratoire\/?et_fb=1&#038;PageSpeed=off&#8221; button_text=&#8221;VOIR PLUS&#8221; button_alignment=&#8221;center&#8221; _builder_version=&#8221;4.24.2&#8243; _module_preset=&#8221;default&#8221; custom_button=&#8221;on&#8221; button_text_size=&#8221;14px&#8221; button_font=&#8221;|700|||||||&#8221; custom_margin=&#8221;-24px|||||&#8221; global_colors_info=&#8221;{}&#8221;][\/et_pb_button][\/et_pb_column][et_pb_column type=&#8221;1_2&#8243; _builder_version=&#8221;4.20.0&#8243; _module_preset=&#8221;default&#8221; global_colors_info=&#8221;{}&#8221;][et_pb_blurb title=&#8221;Formation sur l&#8217;Utilisation des \u00c9quipements&#8221; use_icon=&#8221;on&#8221; font_icon=&#8221;&#xf508;||fa||900&#8243; icon_color=&#8221;#FFFFFF&#8221; _builder_version=&#8221;4.24.2&#8243; _module_preset=&#8221;f8bd2e95-9db1-44d3-9fc0-734ffff6d8d5&#8243; header_text_align=&#8221;justify&#8221; body_text_align=&#8221;justify&#8221; body_font_size=&#8221;17px&#8221; locked=&#8221;off&#8221; global_colors_info=&#8221;{}&#8221;]<\/p>\n<ul>\n<li>Optimise l&#8217;utilisation des \u00e9quipements par des programmes de formation.<\/li>\n<\/ul>\n<p>[\/et_pb_blurb][et_pb_button button_url=&#8221;https:\/\/tic-btp.com\/index.php\/formation-sur-lutilisation-des-equipements\/?et_fb=1&#038;PageSpeed=off&#8221; button_text=&#8221;VOIR PLUS&#8221; button_alignment=&#8221;center&#8221; _builder_version=&#8221;4.24.2&#8243; _module_preset=&#8221;default&#8221; custom_button=&#8221;on&#8221; button_text_size=&#8221;14px&#8221; button_font=&#8221;|700|||||||&#8221; custom_margin=&#8221;-24px|||||&#8221; global_colors_info=&#8221;{}&#8221;][\/et_pb_button][\/et_pb_column][\/et_pb_row][\/et_pb_section][et_pb_section fb_built=&#8221;1&#8243; _builder_version=&#8221;4.23.4&#8243; _module_preset=&#8221;default&#8221; background_color=&#8221;#0d2a64&#8243; custom_padding=&#8221;16px||6px|||&#8221; box_shadow_style=&#8221;preset1&#8243; box_shadow_horizontal=&#8221;2px&#8221; global_colors_info=&#8221;{}&#8221;][et_pb_row column_structure=&#8221;1_2,1_2&#8243; _builder_version=&#8221;4.23.4&#8243; _module_preset=&#8221;default&#8221; custom_padding=&#8221;14px||16px|||&#8221; animation_style=&#8221;fade&#8221; animation_duration=&#8221;1600ms&#8221; global_colors_info=&#8221;{}&#8221;][et_pb_column type=&#8221;1_2&#8243; _builder_version=&#8221;4.23.4&#8243; _module_preset=&#8221;default&#8221; global_colors_info=&#8221;{}&#8221;][dsm_text_notation notation_text=&#8221;Si\u00e8ge social:&#8221; notation_type=&#8221;box&#8221; notation_background_color=&#8221;#0d2a64&#8243; _builder_version=&#8221;4.23.4&#8243; _module_preset=&#8221;default&#8221; header_text_color=&#8221;#f13939&#8243; notation_text_color=&#8221;#FFFFFF&#8221; text_orientation=&#8221;left&#8221; custom_margin=&#8221;||19px|||&#8221; global_colors_info=&#8221;{}&#8221;][\/dsm_text_notation][et_pb_icon font_icon=&#8221;&#xf87b;||fa||900&#8243; icon_color=&#8221;#f13939&#8243; icon_width=&#8221;24px&#8221; align=&#8221;left&#8221; _builder_version=&#8221;4.23.4&#8243; _module_preset=&#8221;default&#8221; custom_margin=&#8221;5px|||||&#8221; global_colors_info=&#8221;{}&#8221;][\/et_pb_icon][et_pb_text _builder_version=&#8221;4.23.4&#8243; _module_preset=&#8221;default&#8221; text_font=&#8221;|700|on||||||&#8221; text_text_color=&#8221;#FFFFFF&#8221; text_font_size=&#8221;16px&#8221; custom_margin=&#8221;-54px|||29px||&#8221; custom_padding=&#8221;||0px|||&#8221; global_colors_info=&#8221;{}&#8221;]<\/p>\n<p>+224 610 54 54 89<\/p>\n<p>[\/et_pb_text][et_pb_icon font_icon=&#8221;&#xf0e0;||fa||900&#8243; icon_color=&#8221;#f13939&#8243; icon_width=&#8221;24px&#8221; align=&#8221;left&#8221; _builder_version=&#8221;4.23.4&#8243; _module_preset=&#8221;default&#8221; custom_margin=&#8221;5px|||||&#8221; global_colors_info=&#8221;{}&#8221;][\/et_pb_icon][et_pb_text _builder_version=&#8221;4.24.0&#8243; _module_preset=&#8221;default&#8221; text_font=&#8221;|700|on||||||&#8221; text_text_color=&#8221;#FFFFFF&#8221; custom_margin=&#8221;-57px|||||&#8221; custom_padding=&#8221;|||36px||&#8221; global_colors_info=&#8221;{}&#8221;]<\/p>\n<p>info@tic-btp.com<\/p>\n<p>[\/et_pb_text][et_pb_icon font_icon=&#8221;&#xf3c5;||fa||900&#8243; icon_color=&#8221;#f13939&#8243; icon_width=&#8221;24px&#8221; align=&#8221;left&#8221; _builder_version=&#8221;4.23.4&#8243; _module_preset=&#8221;default&#8221; custom_margin=&#8221;5px|||||&#8221; global_colors_info=&#8221;{}&#8221;][\/et_pb_icon][et_pb_text _builder_version=&#8221;4.23.4&#8243; _module_preset=&#8221;default&#8221; text_font=&#8221;|600|on||||||&#8221; text_text_color=&#8221;#FFFFFF&#8221; custom_margin=&#8221;-52px|||22px||&#8221; custom_padding=&#8221;||0px|||&#8221; global_colors_info=&#8221;{}&#8221;]<\/p>\n<p>Yattayah Centre\/Commune de Ratoma<br \/>Conakry \u2013 R\u00e9publique de Guin\u00e9e<\/p>\n<p>[\/et_pb_text][et_pb_social_media_follow _builder_version=&#8221;4.23.4&#8243; _module_preset=&#8221;default&#8221; global_colors_info=&#8221;{}&#8221;][et_pb_social_media_follow_network social_network=&#8221;facebook&#8221; _builder_version=&#8221;4.23.4&#8243; _module_preset=&#8221;default&#8221; background_color=&#8221;#3b5998&#8243; global_colors_info=&#8221;{}&#8221; follow_button=&#8221;off&#8221; url_new_window=&#8221;on&#8221;]facebook[\/et_pb_social_media_follow_network][et_pb_social_media_follow_network social_network=&#8221;twitter&#8221; _builder_version=&#8221;4.23.4&#8243; _module_preset=&#8221;default&#8221; background_color=&#8221;#000000&#8243; global_colors_info=&#8221;{}&#8221; follow_button=&#8221;off&#8221; url_new_window=&#8221;on&#8221;]X[\/et_pb_social_media_follow_network][et_pb_social_media_follow_network social_network=&#8221;linkedin&#8221; _builder_version=&#8221;4.23.4&#8243; _module_preset=&#8221;default&#8221; background_color=&#8221;#007bb6&#8243; global_colors_info=&#8221;{}&#8221; follow_button=&#8221;off&#8221; url_new_window=&#8221;on&#8221;]linkedin[\/et_pb_social_media_follow_network][\/et_pb_social_media_follow][\/et_pb_column][et_pb_column type=&#8221;1_2&#8243; _builder_version=&#8221;4.23.4&#8243; _module_preset=&#8221;default&#8221; global_colors_info=&#8221;{}&#8221;][dsm_text_notation notation_text=&#8221;Nos Services:&#8221; notation_background_color=&#8221;#0d2a64&#8243; _builder_version=&#8221;4.23.4&#8243; _module_preset=&#8221;default&#8221; header_text_color=&#8221;#f13939&#8243; notation_text_color=&#8221;#FFFFFF&#8221; text_orientation=&#8221;left&#8221; custom_margin=&#8221;||19px|||&#8221; global_colors_info=&#8221;{}&#8221;][\/dsm_text_notation][et_pb_icon font_icon=&#8221;&#x3d;||divi||400&#8243; icon_color=&#8221;#FFFFFF&#8221; icon_width=&#8221;18px&#8221; align=&#8221;left&#8221; _builder_version=&#8221;4.23.4&#8243; _module_preset=&#8221;default&#8221; custom_padding=&#8221;|||0px||&#8221; global_colors_info=&#8221;{}&#8221;][\/et_pb_icon][et_pb_text _builder_version=&#8221;4.23.4&#8243; _module_preset=&#8221;default&#8221; text_font=&#8221;|700|on||||||&#8221; text_text_color=&#8221;#FFFFFF&#8221; text_font_size=&#8221;16px&#8221; text_line_height=&#8221;1em&#8221; custom_margin=&#8221;-51px|||30px||&#8221; global_colors_info=&#8221;{}&#8221;]<\/p>\n<p>Laboratoires d&#8217;Essai,<\/p>\n<p>d&#8217;Analyse et de Recherche<\/p>\n<p>[\/et_pb_text][et_pb_icon font_icon=&#8221;&#x3d;||divi||400&#8243; icon_color=&#8221;#FFFFFF&#8221; icon_width=&#8221;17px&#8221; align=&#8221;left&#8221; _builder_version=&#8221;4.23.4&#8243; _module_preset=&#8221;default&#8221; global_colors_info=&#8221;{}&#8221;][\/et_pb_icon][et_pb_text _builder_version=&#8221;4.23.4&#8243; _module_preset=&#8221;default&#8221; text_font=&#8221;|700|on||||||&#8221; text_text_color=&#8221;#FFFFFF&#8221; text_line_height=&#8221;1.1em&#8221; custom_margin=&#8221;-48px|||27px||&#8221; custom_padding=&#8221;0px|||||&#8221; global_colors_info=&#8221;{}&#8221;]<\/p>\n<p>Service de Vente, Installation,<\/p>\n<p>Formation et Calibration<\/p>\n<p>des \u00c9quipements du Laboratoire<\/p>\n<p>[\/et_pb_text][et_pb_icon font_icon=&#8221;&#x3d;||divi||400&#8243; icon_color=&#8221;#FFFFFF&#8221; icon_width=&#8221;17px&#8221; align=&#8221;left&#8221; _builder_version=&#8221;4.23.4&#8243; _module_preset=&#8221;default&#8221; global_colors_info=&#8221;{}&#8221;][\/et_pb_icon][et_pb_text _builder_version=&#8221;4.23.4&#8243; _module_preset=&#8221;default&#8221; text_font=&#8221;|700|on||||||&#8221; text_text_color=&#8221;#FFFFFF&#8221; text_line_height=&#8221;1em&#8221; custom_margin=&#8221;-47px|||24px||&#8221; custom_padding=&#8221;0px|||5px||&#8221; global_colors_info=&#8221;{}&#8221;]<\/p>\n<p>Service de Construction<\/p>\n<p>et Maintenance<\/p>\n<p>[\/et_pb_text][et_pb_icon font_icon=&#8221;&#x3d;||divi||400&#8243; icon_color=&#8221;#FFFFFF&#8221; icon_width=&#8221;17px&#8221; align=&#8221;left&#8221; _builder_version=&#8221;4.23.4&#8243; _module_preset=&#8221;default&#8221; global_colors_info=&#8221;{}&#8221;][\/et_pb_icon][et_pb_text _builder_version=&#8221;4.23.4&#8243; _module_preset=&#8221;default&#8221; text_font=&#8221;|700|on||||||&#8221; text_text_color=&#8221;#FFFFFF&#8221; custom_margin=&#8221;-53px|||28px||&#8221; global_colors_info=&#8221;{}&#8221;]<\/p>\n<p>FORMATIONS<\/p>\n<p>[\/et_pb_text][\/et_pb_column][\/et_pb_row][\/et_pb_section]<\/p>\n","protected":false},"excerpt":{"rendered":"<p>Service de Vente, Installation, Formation et Calibration des \u00c9quipements duLaboratoireEn partenariat avec S.I.L.L Engineering and Consult Limited une soci\u00e9t\u00e9 d&#8217;origine nig\u00e9riane qui offre des services d&#8217;expertise technique en Afrique gr\u00e2ce au soutien de la soci\u00e9t\u00e9 Matest, fabricant d&#8217;\u00e9quipements d&#8217;essai des mat\u00e9riaux, qui dispose d&#8217;une pr\u00e9sence internationale au Royaume-Uni et en Italie nous assurons : Propose [&hellip;]<\/p>\n","protected":false},"author":1,"featured_media":0,"parent":0,"menu_order":0,"comment_status":"closed","ping_status":"closed","template":"","meta":{"_et_pb_use_builder":"on","_et_pb_old_content":"<!-- wp:divi\/placeholder \/-->","_et_gb_content_width":"","footnotes":"","_joinchat":[]},"_links":{"self":[{"href":"https:\/\/tic-btp.com\/index.php\/wp-json\/wp\/v2\/pages\/48"}],"collection":[{"href":"https:\/\/tic-btp.com\/index.php\/wp-json\/wp\/v2\/pages"}],"about":[{"href":"https:\/\/tic-btp.com\/index.php\/wp-json\/wp\/v2\/types\/page"}],"author":[{"embeddable":true,"href":"https:\/\/tic-btp.com\/index.php\/wp-json\/wp\/v2\/users\/1"}],"replies":[{"embeddable":true,"href":"https:\/\/tic-btp.com\/index.php\/wp-json\/wp\/v2\/comments?post=48"}],"version-history":[{"count":24,"href":"https:\/\/tic-btp.com\/index.php\/wp-json\/wp\/v2\/pages\/48\/revisions"}],"predecessor-version":[{"id":908,"href":"https:\/\/tic-btp.com\/index.php\/wp-json\/wp\/v2\/pages\/48\/revisions\/908"}],"wp:attachment":[{"href":"https:\/\/tic-btp.com\/index.php\/wp-json\/wp\/v2\/media?parent=48"}],"curies":[{"name":"wp","href":"https:\/\/api.w.org\/{rel}","templated":true}]}}